{"id":1437,"date":"2025-09-25T16:42:26","date_gmt":"2025-09-25T16:42:26","guid":{"rendered":"https:\/\/catanias.stg.uzero.cat\/botigues-propies\/"},"modified":"2026-05-06T11:56:55","modified_gmt":"2026-05-06T11:56:55","slug":"tiendas-propias","status":"publish","type":"page","link":"https:\/\/catanias.stg.uzero.cat\/es\/tiendas-propias\/","title":{"rendered":"Tiendas propias"},"content":{"rendered":"\n<p class=\"has-text-align-center\" style=\"font-size:17px;text-transform:uppercase\">Encu\u00e9ntranos muy cerca de ti<\/p>\n\n\n\n<h1 class=\"wp-block-heading has-text-align-center wtitle has-tradegothic-font-family\" style=\"font-size:40px;font-style:normal;font-weight:400\">Ven a descubrir nuestras tiendas Catanias<span class=\"registered\">\u00ae<\/span> Cudi\u00e9.<\/h1>\n\n\n\n<p class=\"has-text-align-center wpragraf\" style=\"font-size:20px\">Tiendas Cudi\u00e9, mucho m\u00e1s que un punto de venta<\/p>\n\n\n\n<div style=\"height:15px\" aria-hidden=\"true\" class=\"wp-block-spacer\"><\/div>\n\n\n\n<p class=\"has-text-align-center wpragraf\" style=\"font-size:20px\">Nuestras tiendas son un espacio donde el dise\u00f1o, el sabor y la historia se encuentran para ofrecerte una experiencia \u00fanica. Un lugar para disfrutar y degustar nuestras creaciones, recibir asesoramiento personalizado y descubrir cu\u00e1l es el producto ideal para cada ocasi\u00f3n.<\/p>\n\n\n\n<div style=\"height:70px\" aria-hidden=\"true\" class=\"wp-block-spacer\"><\/div>\n\n\n\n<div class=\"wp-block-group is-layout-constrained wp-container-core-group-is-layout-c0cf8e29 wp-block-group-is-layout-constrained\">\n<figure class=\"wp-block-image aligncenter size-full is-resized\"><img loading=\"lazy\" decoding=\"async\" width=\"1167\" height=\"1419\" src=\"https:\/\/catanias.stg.uzero.cat\/wp-content\/uploads\/2026\/03\/Botiga.jpg\" alt=\"\" class=\"wp-image-1184\" style=\"aspect-ratio:0.8224106569375735;width:450px;height:auto\" srcset=\"https:\/\/catanias.stg.uzero.cat\/wp-content\/uploads\/2026\/03\/Botiga.jpg 1167w, https:\/\/catanias.stg.uzero.cat\/wp-content\/uploads\/2026\/03\/Botiga-247x300.jpg 247w, https:\/\/catanias.stg.uzero.cat\/wp-content\/uploads\/2026\/03\/Botiga-842x1024.jpg 842w, https:\/\/catanias.stg.uzero.cat\/wp-content\/uploads\/2026\/03\/Botiga-768x934.jpg 768w, https:\/\/catanias.stg.uzero.cat\/wp-content\/uploads\/2026\/03\/Botiga-600x730.jpg 600w\" sizes=\"auto, (max-width: 1167px) 100vw, 1167px\" \/><\/figure>\n<\/div>\n\n\n\n<div style=\"height:50px\" aria-hidden=\"true\" class=\"wp-block-spacer\"><\/div>\n\n\n\n<p class=\"has-text-align-center wpragraf\" style=\"font-size:20px\">Adem\u00e1s de encontrar las colecciones completas de Catanias<span class=\"registered\">\u00ae<\/span>, podr\u00e1s participar en catas exclusivas, maridajes y actividades temporales pensadas para profundizar en el universo Cudi\u00e9.<\/p>\n\n\n\n<div style=\"height:15px\" aria-hidden=\"true\" class=\"wp-block-spacer\"><\/div>\n\n\n\n<p class=\"has-text-align-center wpragraf\" style=\"font-size:20px\">Regalar unas Catanias<span class=\"registered\">\u00ae<\/span> es felicitar, agradecer, recordar&#8230; pero visitar nuestras tiendas es conocernos desde dentro.<\/p>\n\n\n\n<div style=\"height:70px\" aria-hidden=\"true\" class=\"wp-block-spacer\"><\/div>\n\n\n\n<div class=\"wp-block-group alignfull has-light-background-color has-background is-layout-constrained wp-block-group-is-layout-constrained\" id=\"shops\">\n<div style=\"height:70px\" aria-hidden=\"true\" class=\"wp-block-spacer\"><\/div>\n\n\n\n<div class=\"wp-block-group alignwide is-layout-constrained wp-block-group-is-layout-constrained\">\n<div class=\"shop-wrapper relative alignleft container shop-closed\">\n    \n    <div class=\"w-full shop-item_container alignleft border-t border-[#c7c7c7] overflow-hidden transition-all duration-300\">\n    \n    <div class=\"shop-header flex justify-between items-center py-6 cursor-pointer transition-colors duration-200\">\n                    <h3 class=\"!m-0 !p-0 !text-[28px] text-black font-normal shop-title transition-all duration-200\">\n                Factory Store, Vilafranca del Pened\u00e8s            <\/h3>\n                \n        <svg xmlns=\"http:\/\/www.w3.org\/2000\/svg\" fill=\"none\" viewBox=\"0 0 24 24\" stroke-width=\"1.5\" stroke=\"currentColor\" class=\"shop-arrow size-6 transition-transform duration-300\">\n            <path stroke-linecap=\"round\" stroke-linejoin=\"round\" d=\"M19.5 13.5 12 21m0 0-7.5-7.5M12 21V3\" \/>\n        <\/svg>\n    <\/div>\n    \n    <div class=\"shop-content-wrapper opacity-0 transition-opacity duration-[800ms]\">\n        <div class=\"shop-content wp-block-columns is-layout-flex\">\n            \n            <div class=\"shop-info wp-block-column\">\n                <div class=\"text-base\">\n                    \n\n<p><a href=\"https:\/\/maps.app.goo.gl\/dmLB5HqKCrBHYpHV6\" target=\"_blank\" rel=\"noreferrer noopener\">Carrer Ull de Llebre, 39<br>08734 Ol\u00e8rdola \u2013 Vilafranca (BCN)<\/a><\/p>\n\n\n\n<p>cudie@bombonscudie.com<br>+34 938 900 017<\/p>\n\n\n\n<p>Junto a nuestra f\u00e1brica, en el Pol\u00edgono Clot de Moja, encontrar\u00e1s la tienda m\u00e1s aut\u00e9ntica de Cudi\u00e9. Un espacio directo de f\u00e1brica donde ofrecemos toda la gama de productos, ideal para llevarte las Catanias<span class=\"registered\">\u00ae<\/span> m\u00e1s frescas.<\/p>\n\n                <\/div>\n            <\/div>\n                    \n                    <\/div>\n    <\/div>\n    \n    <\/div> \n<\/div> \n\n\n\n<div class=\"shop-wrapper relative alignleft container shop-closed\">\n    \n    <div class=\"w-full shop-item_container alignleft border-t border-[#c7c7c7] overflow-hidden transition-all duration-300\">\n    \n    <div class=\"shop-header flex justify-between items-center py-6 cursor-pointer transition-colors duration-200\">\n                    <h3 class=\"!m-0 !p-0 !text-[28px] text-black font-normal shop-title transition-all duration-200\">\n                Vilafranca Store, Vilafranca del Pened\u00e8s            <\/h3>\n                \n        <svg xmlns=\"http:\/\/www.w3.org\/2000\/svg\" fill=\"none\" viewBox=\"0 0 24 24\" stroke-width=\"1.5\" stroke=\"currentColor\" class=\"shop-arrow size-6 transition-transform duration-300\">\n            <path stroke-linecap=\"round\" stroke-linejoin=\"round\" d=\"M19.5 13.5 12 21m0 0-7.5-7.5M12 21V3\" \/>\n        <\/svg>\n    <\/div>\n    \n    <div class=\"shop-content-wrapper opacity-0 transition-opacity duration-[800ms]\">\n        <div class=\"shop-content wp-block-columns is-layout-flex\">\n            \n            <div class=\"shop-info wp-block-column\">\n                <div class=\"text-base\">\n                    \n\n<p><a href=\"https:\/\/maps.app.goo.gl\/YPFNiaNBMrpe6co56\" target=\"_blank\" rel=\"noreferrer noopener\">Carrer de la Cort, 43<br>08720 Vilafranca del Pened\u00e8s\u2028<\/a><\/p>\n\n\n\n<p>botigavila@bombonscudie.com<br>+34 666 142 477<\/p>\n\n\n\n<p>Situada en el centro de la ciudad, esta tienda refleja el origen de Cudi\u00e9 y mantiene el esp\u00edritu familiar con el que todo empez\u00f3. Encontrar\u00e1s toda la gama de Catanias<span class=\"registered\">\u00ae<\/span> y un trato cercano y personalizado, fiel a nuestra tradici\u00f3n desde 1946.<\/p>\n\n                <\/div>\n            <\/div>\n                    \n                    <\/div>\n    <\/div>\n    \n    <\/div> \n<\/div> \n\n\n\n<div class=\"shop-wrapper relative alignleft container shop-closed\">\n    \n    <div class=\"w-full shop-item_container alignleft border-t border-[#c7c7c7] overflow-hidden transition-all duration-300\">\n    \n    <div class=\"shop-header flex justify-between items-center py-6 cursor-pointer transition-colors duration-200\">\n                    <h3 class=\"!m-0 !p-0 !text-[28px] text-black font-normal shop-title transition-all duration-200\">\n                Vilanova Store, Vilanova i la Geltr\u00fa            <\/h3>\n                \n        <svg xmlns=\"http:\/\/www.w3.org\/2000\/svg\" fill=\"none\" viewBox=\"0 0 24 24\" stroke-width=\"1.5\" stroke=\"currentColor\" class=\"shop-arrow size-6 transition-transform duration-300\">\n            <path stroke-linecap=\"round\" stroke-linejoin=\"round\" d=\"M19.5 13.5 12 21m0 0-7.5-7.5M12 21V3\" \/>\n        <\/svg>\n    <\/div>\n    \n    <div class=\"shop-content-wrapper opacity-0 transition-opacity duration-[800ms]\">\n        <div class=\"shop-content wp-block-columns is-layout-flex\">\n            \n            <div class=\"shop-info wp-block-column\">\n                <div class=\"text-base\">\n                    \n\n<p><a href=\"https:\/\/maps.app.goo.gl\/ezPKnHcNjMnM3MVv8\" target=\"_blank\" rel=\"noreferrer noopener\">Carrer Sant Sebasti\u00e0, 18<br>08800 Vilanova i la Geltr\u00fa (BCN)<\/a><\/p>\n\n\n\n<p>botigavilanova@bombonscudie.com<br>+34 666 142 514<\/p>\n\n\n\n<p>Un espacio acogedor y elegante en el centro de Vilanova, donde puedes descubrir la colecci\u00f3n completa de Catanias<span class=\"registered\">\u00ae<\/span> y disfrutar de un asesoramiento cercano para elegir el mejor regalo o capricho dulce. Un punto de referencia para los amantes del chocolate del Garraf.<\/p>\n\n                <\/div>\n            <\/div>\n                    \n                    <\/div>\n    <\/div>\n    \n    <\/div> \n<\/div> \n\n\n\n<div class=\"shop-wrapper relative alignleft container shop-closed\">\n    \n    <div class=\"w-full shop-item_container alignleft border-t border-[#c7c7c7] overflow-hidden transition-all duration-300\">\n    \n    <div class=\"shop-header flex justify-between items-center py-6 cursor-pointer transition-colors duration-200\">\n                    <h3 class=\"!m-0 !p-0 !text-[28px] text-black font-normal shop-title transition-all duration-200\">\n                Barcelona Store, Sant Gervasi, Barcelona            <\/h3>\n                \n        <svg xmlns=\"http:\/\/www.w3.org\/2000\/svg\" fill=\"none\" viewBox=\"0 0 24 24\" stroke-width=\"1.5\" stroke=\"currentColor\" class=\"shop-arrow size-6 transition-transform duration-300\">\n            <path stroke-linecap=\"round\" stroke-linejoin=\"round\" d=\"M19.5 13.5 12 21m0 0-7.5-7.5M12 21V3\" \/>\n        <\/svg>\n    <\/div>\n    \n    <div class=\"shop-content-wrapper opacity-0 transition-opacity duration-[800ms]\">\n        <div class=\"shop-content wp-block-columns is-layout-flex\">\n            \n            <div class=\"shop-info wp-block-column\">\n                <div class=\"text-base\">\n                    \n\n<p><a href=\"https:\/\/maps.app.goo.gl\/VEm9skQSFipz5Jin8\" target=\"_blank\" rel=\"noreferrer noopener\">Carrer Calaf, 17<br>08021 Barcelona<\/a><\/p>\n\n\n\n<p>botigabcn@bombonscudie.com<br>+34 660 001 836<\/p>\n\n\n\n<p>Ubicada en el coraz\u00f3n del barrio Sant Gervasi \u2013 Galvany, nuestra Barcelona Store es mucho m\u00e1s que una tienda: es una experiencia sensorial \u00fanica. Dise\u00f1ada para evocar la esencia de la Catania<span class=\"registered\">\u00ae<\/span>, combina formas org\u00e1nicas y elementos de dise\u00f1o inspirados en la almendra mediterr\u00e1nea.<\/p>\n\n                <\/div>\n            <\/div>\n                    \n                    <\/div>\n    <\/div>\n    \n    <\/div> \n<\/div> \n\n\n\n<div class=\"shop-wrapper relative alignleft container shop-closed\">\n    \n    <div class=\"w-full shop-item_container alignleft border-t border-[#c7c7c7] overflow-hidden transition-all duration-300\">\n    \n    <div class=\"shop-header flex justify-between items-center py-6 cursor-pointer transition-colors duration-200\">\n                    <h3 class=\"!m-0 !p-0 !text-[28px] text-black font-normal shop-title transition-all duration-200\">\n                L\u2019Illa Diagonal Store, Barcelona            <\/h3>\n                \n        <svg xmlns=\"http:\/\/www.w3.org\/2000\/svg\" fill=\"none\" viewBox=\"0 0 24 24\" stroke-width=\"1.5\" stroke=\"currentColor\" class=\"shop-arrow size-6 transition-transform duration-300\">\n            <path stroke-linecap=\"round\" stroke-linejoin=\"round\" d=\"M19.5 13.5 12 21m0 0-7.5-7.5M12 21V3\" \/>\n        <\/svg>\n    <\/div>\n    \n    <div class=\"shop-content-wrapper opacity-0 transition-opacity duration-[800ms]\">\n        <div class=\"shop-content wp-block-columns is-layout-flex\">\n            \n            <div class=\"shop-info wp-block-column\">\n                <div class=\"text-base\">\n                    \n\n<p><a href=\"https:\/\/maps.app.goo.gl\/k2dX1SivmA2uJAMD8\" target=\"_blank\" rel=\"noreferrer noopener\">Avda, Diagonal, 557<br>Planta -1 C.C. L\u2019Illa Diagonal<br>08029 Barcelona<\/a><\/p>\n\n\n\n<p>botigailla@bombonscudie.com<br>+34 633 975 459<\/p>\n\n\n\n<p>En la planta -1 del centro comercial L\u2019Illa Diagonal, encontrar\u00e1s un espacio de 9 m\u00b2 dedicado exclusivamente a las Catanias<span class=\"registered\">\u00ae<\/span> en todos sus sabores y formatos: Original, Green Lemon, Himalayan Salt y muchos m\u00e1s.<br>Este nuevo punto de venta es ideal para descubrir novedades, productos exclusivos y completar cualquier ocasi\u00f3n con el toque dulce y elegante de nuestra ic\u00f3nica almendra recubierta. Perfecto para regalar, compartir o simplemente disfrutar.<\/p>\n\n                <\/div>\n            <\/div>\n                    \n                    <\/div>\n    <\/div>\n    \n    <\/div> \n<\/div> \n<\/div>\n\n\n\n<div style=\"height:70px\" aria-hidden=\"true\" class=\"wp-block-spacer\"><\/div>\n<\/div>\n","protected":false},"excerpt":{"rendered":"<p>Encu\u00e9ntranos muy cerca de ti Ven a descubrir nuestras tiendas Catanias\u00ae Cudi\u00e9. Tiendas Cudi\u00e9, mucho m\u00e1s que un punto de venta Nuestras tiendas son un espacio donde el dise\u00f1o, el sabor y la historia se encuentran para ofrecerte una experiencia \u00fanica. Un lugar para disfrutar y degustar nuestras creaciones, recibir asesoramiento personalizado y descubrir cu\u00e1l [&hellip;]<\/p>\n","protected":false},"author":1,"featured_media":0,"parent":0,"menu_order":0,"comment_status":"closed","ping_status":"closed","template":"","meta":{"footnotes":""},"class_list":["post-1437","page","type-page","status-publish","hentry"],"yoast_head":"<!-- This site is optimized with the Yoast SEO plugin v27.5 - https:\/\/yoast.com\/product\/yoast-seo-wordpress\/ -->\n<title>Tiendas propias - Catanias\u00ae<\/title>\n<meta name=\"robots\" content=\"noindex, follow, max-snippet:-1, max-image-preview:large, max-video-preview:-1\" \/>\n<meta property=\"og:locale\" content=\"es_ES\" \/>\n<meta property=\"og:type\" content=\"article\" \/>\n<meta property=\"og:title\" content=\"Tiendas propias - Catanias\u00ae\" \/>\n<meta property=\"og:description\" content=\"Encu\u00e9ntranos muy cerca de ti Ven a descubrir nuestras tiendas Catanias\u00ae Cudi\u00e9. Tiendas Cudi\u00e9, mucho m\u00e1s que un punto de venta Nuestras tiendas son un espacio donde el dise\u00f1o, el sabor y la historia se encuentran para ofrecerte una experiencia \u00fanica. Un lugar para disfrutar y degustar nuestras creaciones, recibir asesoramiento personalizado y descubrir cu\u00e1l [&hellip;]\" \/>\n<meta property=\"og:url\" content=\"https:\/\/catanias.stg.uzero.cat\/es\/tiendas-propias\/\" \/>\n<meta property=\"og:site_name\" content=\"Catanias\u00ae\" \/>\n<meta property=\"article:modified_time\" content=\"2026-05-06T11:56:55+00:00\" \/>\n<meta property=\"og:image\" content=\"https:\/\/catanias.stg.uzero.cat\/wp-content\/uploads\/2026\/03\/Botiga.jpg\" \/>\n\t<meta property=\"og:image:width\" content=\"1167\" \/>\n\t<meta property=\"og:image:height\" content=\"1419\" \/>\n\t<meta property=\"og:image:type\" content=\"image\/jpeg\" \/>\n<meta name=\"twitter:card\" content=\"summary_large_image\" \/>\n<meta name=\"twitter:label1\" content=\"Tiempo de lectura\" \/>\n\t<meta name=\"twitter:data1\" content=\"3 minutos\" \/>\n<script type=\"application\/ld+json\" class=\"yoast-schema-graph\">{\"@context\":\"https:\\\/\\\/schema.org\",\"@graph\":[{\"@type\":\"WebPage\",\"@id\":\"https:\\\/\\\/catanias.stg.uzero.cat\\\/es\\\/tiendas-propias\\\/\",\"url\":\"https:\\\/\\\/catanias.stg.uzero.cat\\\/es\\\/tiendas-propias\\\/\",\"name\":\"Tiendas propias - Catanias\u00ae\",\"isPartOf\":{\"@id\":\"https:\\\/\\\/catanias.stg.uzero.cat\\\/es\\\/#website\"},\"primaryImageOfPage\":{\"@id\":\"https:\\\/\\\/catanias.stg.uzero.cat\\\/es\\\/tiendas-propias\\\/#primaryimage\"},\"image\":{\"@id\":\"https:\\\/\\\/catanias.stg.uzero.cat\\\/es\\\/tiendas-propias\\\/#primaryimage\"},\"thumbnailUrl\":\"https:\\\/\\\/catanias.stg.uzero.cat\\\/wp-content\\\/uploads\\\/2026\\\/03\\\/Botiga.jpg\",\"datePublished\":\"2025-09-25T16:42:26+00:00\",\"dateModified\":\"2026-05-06T11:56:55+00:00\",\"breadcrumb\":{\"@id\":\"https:\\\/\\\/catanias.stg.uzero.cat\\\/es\\\/tiendas-propias\\\/#breadcrumb\"},\"inLanguage\":\"es\",\"potentialAction\":[{\"@type\":\"ReadAction\",\"target\":[\"https:\\\/\\\/catanias.stg.uzero.cat\\\/es\\\/tiendas-propias\\\/\"]}]},{\"@type\":\"ImageObject\",\"inLanguage\":\"es\",\"@id\":\"https:\\\/\\\/catanias.stg.uzero.cat\\\/es\\\/tiendas-propias\\\/#primaryimage\",\"url\":\"https:\\\/\\\/catanias.stg.uzero.cat\\\/wp-content\\\/uploads\\\/2026\\\/03\\\/Botiga.jpg\",\"contentUrl\":\"https:\\\/\\\/catanias.stg.uzero.cat\\\/wp-content\\\/uploads\\\/2026\\\/03\\\/Botiga.jpg\"},{\"@type\":\"BreadcrumbList\",\"@id\":\"https:\\\/\\\/catanias.stg.uzero.cat\\\/es\\\/tiendas-propias\\\/#breadcrumb\",\"itemListElement\":[{\"@type\":\"ListItem\",\"position\":1,\"name\":\"Inici\",\"item\":\"https:\\\/\\\/catanias.stg.uzero.cat\\\/es\\\/\"},{\"@type\":\"ListItem\",\"position\":2,\"name\":\"Tiendas propias\"}]},{\"@type\":\"WebSite\",\"@id\":\"https:\\\/\\\/catanias.stg.uzero.cat\\\/es\\\/#website\",\"url\":\"https:\\\/\\\/catanias.stg.uzero.cat\\\/es\\\/\",\"name\":\"Catanias\u00ae\",\"description\":\"Les \u00faniques i originals desde 1946\",\"publisher\":{\"@id\":\"https:\\\/\\\/catanias.stg.uzero.cat\\\/es\\\/#organization\"},\"potentialAction\":[{\"@type\":\"SearchAction\",\"target\":{\"@type\":\"EntryPoint\",\"urlTemplate\":\"https:\\\/\\\/catanias.stg.uzero.cat\\\/es\\\/?s={search_term_string}\"},\"query-input\":{\"@type\":\"PropertyValueSpecification\",\"valueRequired\":true,\"valueName\":\"search_term_string\"}}],\"inLanguage\":\"es\"},{\"@type\":\"Organization\",\"@id\":\"https:\\\/\\\/catanias.stg.uzero.cat\\\/es\\\/#organization\",\"name\":\"Catanias\u00ae\",\"url\":\"https:\\\/\\\/catanias.stg.uzero.cat\\\/es\\\/\",\"logo\":{\"@type\":\"ImageObject\",\"inLanguage\":\"es\",\"@id\":\"https:\\\/\\\/catanias.stg.uzero.cat\\\/es\\\/#\\\/schema\\\/logo\\\/image\\\/\",\"url\":\"https:\\\/\\\/catanias.stg.uzero.cat\\\/wp-content\\\/uploads\\\/2025\\\/09\\\/catanias-logo.svg\",\"contentUrl\":\"https:\\\/\\\/catanias.stg.uzero.cat\\\/wp-content\\\/uploads\\\/2025\\\/09\\\/catanias-logo.svg\",\"caption\":\"Catanias\u00ae\"},\"image\":{\"@id\":\"https:\\\/\\\/catanias.stg.uzero.cat\\\/es\\\/#\\\/schema\\\/logo\\\/image\\\/\"}}]}<\/script>\n<!-- \/ Yoast SEO plugin. -->","yoast_head_json":{"title":"Tiendas propias - Catanias\u00ae","robots":{"index":"noindex","follow":"follow","max-snippet":"max-snippet:-1","max-image-preview":"max-image-preview:large","max-video-preview":"max-video-preview:-1"},"og_locale":"es_ES","og_type":"article","og_title":"Tiendas propias - Catanias\u00ae","og_description":"Encu\u00e9ntranos muy cerca de ti Ven a descubrir nuestras tiendas Catanias\u00ae Cudi\u00e9. Tiendas Cudi\u00e9, mucho m\u00e1s que un punto de venta Nuestras tiendas son un espacio donde el dise\u00f1o, el sabor y la historia se encuentran para ofrecerte una experiencia \u00fanica. Un lugar para disfrutar y degustar nuestras creaciones, recibir asesoramiento personalizado y descubrir cu\u00e1l [&hellip;]","og_url":"https:\/\/catanias.stg.uzero.cat\/es\/tiendas-propias\/","og_site_name":"Catanias\u00ae","article_modified_time":"2026-05-06T11:56:55+00:00","og_image":[{"width":1167,"height":1419,"url":"https:\/\/catanias.stg.uzero.cat\/wp-content\/uploads\/2026\/03\/Botiga.jpg","type":"image\/jpeg"}],"twitter_card":"summary_large_image","twitter_misc":{"Tiempo de lectura":"3 minutos"},"schema":{"@context":"https:\/\/schema.org","@graph":[{"@type":"WebPage","@id":"https:\/\/catanias.stg.uzero.cat\/es\/tiendas-propias\/","url":"https:\/\/catanias.stg.uzero.cat\/es\/tiendas-propias\/","name":"Tiendas propias - Catanias\u00ae","isPartOf":{"@id":"https:\/\/catanias.stg.uzero.cat\/es\/#website"},"primaryImageOfPage":{"@id":"https:\/\/catanias.stg.uzero.cat\/es\/tiendas-propias\/#primaryimage"},"image":{"@id":"https:\/\/catanias.stg.uzero.cat\/es\/tiendas-propias\/#primaryimage"},"thumbnailUrl":"https:\/\/catanias.stg.uzero.cat\/wp-content\/uploads\/2026\/03\/Botiga.jpg","datePublished":"2025-09-25T16:42:26+00:00","dateModified":"2026-05-06T11:56:55+00:00","breadcrumb":{"@id":"https:\/\/catanias.stg.uzero.cat\/es\/tiendas-propias\/#breadcrumb"},"inLanguage":"es","potentialAction":[{"@type":"ReadAction","target":["https:\/\/catanias.stg.uzero.cat\/es\/tiendas-propias\/"]}]},{"@type":"ImageObject","inLanguage":"es","@id":"https:\/\/catanias.stg.uzero.cat\/es\/tiendas-propias\/#primaryimage","url":"https:\/\/catanias.stg.uzero.cat\/wp-content\/uploads\/2026\/03\/Botiga.jpg","contentUrl":"https:\/\/catanias.stg.uzero.cat\/wp-content\/uploads\/2026\/03\/Botiga.jpg"},{"@type":"BreadcrumbList","@id":"https:\/\/catanias.stg.uzero.cat\/es\/tiendas-propias\/#breadcrumb","itemListElement":[{"@type":"ListItem","position":1,"name":"Inici","item":"https:\/\/catanias.stg.uzero.cat\/es\/"},{"@type":"ListItem","position":2,"name":"Tiendas propias"}]},{"@type":"WebSite","@id":"https:\/\/catanias.stg.uzero.cat\/es\/#website","url":"https:\/\/catanias.stg.uzero.cat\/es\/","name":"Catanias\u00ae","description":"Les \u00faniques i originals desde 1946","publisher":{"@id":"https:\/\/catanias.stg.uzero.cat\/es\/#organization"},"potentialAction":[{"@type":"SearchAction","target":{"@type":"EntryPoint","urlTemplate":"https:\/\/catanias.stg.uzero.cat\/es\/?s={search_term_string}"},"query-input":{"@type":"PropertyValueSpecification","valueRequired":true,"valueName":"search_term_string"}}],"inLanguage":"es"},{"@type":"Organization","@id":"https:\/\/catanias.stg.uzero.cat\/es\/#organization","name":"Catanias\u00ae","url":"https:\/\/catanias.stg.uzero.cat\/es\/","logo":{"@type":"ImageObject","inLanguage":"es","@id":"https:\/\/catanias.stg.uzero.cat\/es\/#\/schema\/logo\/image\/","url":"https:\/\/catanias.stg.uzero.cat\/wp-content\/uploads\/2025\/09\/catanias-logo.svg","contentUrl":"https:\/\/catanias.stg.uzero.cat\/wp-content\/uploads\/2025\/09\/catanias-logo.svg","caption":"Catanias\u00ae"},"image":{"@id":"https:\/\/catanias.stg.uzero.cat\/es\/#\/schema\/logo\/image\/"}}]}},"featured_image_src":null,"featured_image_src_square":null,"_links":{"self":[{"href":"https:\/\/catanias.stg.uzero.cat\/es\/wp-json\/wp\/v2\/pages\/1437","targetHints":{"allow":["GET"]}}],"collection":[{"href":"https:\/\/catanias.stg.uzero.cat\/es\/wp-json\/wp\/v2\/pages"}],"about":[{"href":"https:\/\/catanias.stg.uzero.cat\/es\/wp-json\/wp\/v2\/types\/page"}],"author":[{"embeddable":true,"href":"https:\/\/catanias.stg.uzero.cat\/es\/wp-json\/wp\/v2\/users\/1"}],"replies":[{"embeddable":true,"href":"https:\/\/catanias.stg.uzero.cat\/es\/wp-json\/wp\/v2\/comments?post=1437"}],"version-history":[{"count":2,"href":"https:\/\/catanias.stg.uzero.cat\/es\/wp-json\/wp\/v2\/pages\/1437\/revisions"}],"predecessor-version":[{"id":1448,"href":"https:\/\/catanias.stg.uzero.cat\/es\/wp-json\/wp\/v2\/pages\/1437\/revisions\/1448"}],"wp:attachment":[{"href":"https:\/\/catanias.stg.uzero.cat\/es\/wp-json\/wp\/v2\/media?parent=1437"}],"curies":[{"name":"wp","href":"https:\/\/api.w.org\/{rel}","templated":true}]}}